{"id":3484,"date":"2025-08-19T01:10:57","date_gmt":"2025-08-19T06:10:57","guid":{"rendered":"https:\/\/portanova-pr.com\/?page_id=3484"},"modified":"2025-10-29T15:45:50","modified_gmt":"2025-10-29T20:45:50","slug":"barn-pocket-doors","status":"publish","type":"page","link":"https:\/\/portanova-pr.com\/index.php\/barn-pocket-doors\/","title":{"rendered":"Barn &#038; Pocket doors"},"content":{"rendered":"<div class=\"wpb-content-wrapper\"><p>[vc_row][vc_column][vc_single_image image=&#8221;3605&#8243; img_size=&#8221;full&#8221; css=&#8221;.vc_custom_1761770501430{margin-bottom: 30px !important;}&#8221;]\t\t<div class=\"wd-heading  text-left text-left\" >\r\n\t\t\t\r\n      \r\n      <h3 style=\"margin:0;\" >\r\n\t\t\t\t\tBarn &amp; Pocket doors\t\t\t\t<\/h3>\r\n\r\n        <div style='margin-top: 15px;'><\/div>      \r\n      \r\n      \r\n    \t\t<\/div>\r\n\r\n\t\t[vc_column_text]Nuestras <b>Barn &amp; Pocket Doors<\/b> son la soluci\u00f3n ideal para espacios modernos, fusionando una funcionalidad excepcional con una est\u00e9tica impactante. Dise\u00f1adas para maximizar sus \u00e1reas de vida o trabajo, ofrecen un ahorro de espacio significativo sin comprometer el estilo.<\/p>\n<p>[\/vc_column_text][\/vc_column][\/vc_row][vc_row][vc_column width=&#8221;1\/2&#8243;]\t\t<div class=\"wd-heading  text-left text-left\" >\r\n\t\t\t\r\n      \r\n      <h3 style=\"margin:0;\" >\r\n\t\t\t\t\tAcabados Disponibles:\t\t\t\t<\/h3>\r\n\r\n        <div style='margin-top: 15px;'><\/div>      \r\n      \r\n      \r\n    \t\t<\/div>\r\n\r\n\t\t[vc_column_text]Explore nuestra amplia gama de acabados y materiales disponibles que permiten una personalizaci\u00f3n completa, desde texturas de madera natural que simulan calidez hasta elegantes tonos met\u00e1licos y colores contempor\u00e1neos. Cada opci\u00f3n est\u00e1 seleccionada para complementar su visi\u00f3n de dise\u00f1o \u00fanica.[\/vc_column_text][\/vc_column][vc_column width=&#8221;1\/2&#8243; css=&#8221;.vc_custom_1463411390237{padding-left: 30px !important;}&#8221;][vc_single_image image=&#8221;3567&#8243; img_size=&#8221;full&#8221;][\/vc_column][\/vc_row][vc_row][vc_column][vc_tta_accordion][vc_tta_section title=&#8221;Gallery&#8221; tab_id=&#8221;1463410758631-13de9355-87ee&#8221;][vc_gallery type=&#8221;image_grid&#8221; images=&#8221;3491,3492,3493&#8243; img_size=&#8221;250&#215;250&#8243;][\/vc_tta_section][\/vc_tta_accordion][\/vc_column][\/vc_row][vc_row][vc_column][\/vc_column][\/vc_row]<\/p>\n<\/div>","protected":false},"excerpt":{"rendered":"<p>[vc_row][vc_column][vc_single_image image=&#8221;3605&#8243; img_size=&#8221;full&#8221; css=&#8221;.vc_custom_1761770501430{margin-bottom: 30px !important;}&#8221;][vc_column_text]Nuestras Barn &amp; Pocket Doors son la soluci\u00f3n ideal para espacios modernos, fusionando una funcionalidad excepcional con una est\u00e9tica impactante. Dise\u00f1adas para maximizar sus \u00e1reas de vida o trabajo, ofrecen un ahorro de espacio significativo sin comprometer el estilo. [\/vc_column_text][\/vc_column][\/vc_row][vc_row][vc_column width=&#8221;1\/2&#8243;][vc_column_text]Explore nuestra amplia gama de acabados y materiales disponibles que [&hellip;]<\/p>\n","protected":false},"author":1,"featured_media":3442,"parent":0,"menu_order":0,"comment_status":"closed","ping_status":"closed","template":"page-template\/left-sidebar.php","meta":{"footnotes":""},"class_list":["post-3484","page","type-page","status-publish","has-post-thumbnail","hentry"],"_links":{"self":[{"href":"https:\/\/portanova-pr.com\/index.php\/wp-json\/wp\/v2\/pages\/3484","targetHints":{"allow":["GET"]}}],"collection":[{"href":"https:\/\/portanova-pr.com\/index.php\/wp-json\/wp\/v2\/pages"}],"about":[{"href":"https:\/\/portanova-pr.com\/index.php\/wp-json\/wp\/v2\/types\/page"}],"author":[{"embeddable":true,"href":"https:\/\/portanova-pr.com\/index.php\/wp-json\/wp\/v2\/users\/1"}],"replies":[{"embeddable":true,"href":"https:\/\/portanova-pr.com\/index.php\/wp-json\/wp\/v2\/comments?post=3484"}],"version-history":[{"count":9,"href":"https:\/\/portanova-pr.com\/index.php\/wp-json\/wp\/v2\/pages\/3484\/revisions"}],"predecessor-version":[{"id":3607,"href":"https:\/\/portanova-pr.com\/index.php\/wp-json\/wp\/v2\/pages\/3484\/revisions\/3607"}],"wp:featuredmedia":[{"embeddable":true,"href":"https:\/\/portanova-pr.com\/index.php\/wp-json\/wp\/v2\/media\/3442"}],"wp:attachment":[{"href":"https:\/\/portanova-pr.com\/index.php\/wp-json\/wp\/v2\/media?parent=3484"}],"curies":[{"name":"wp","href":"https:\/\/api.w.org\/{rel}","templated":true}]}}