{"id":3467,"date":"2025-08-19T00:59:55","date_gmt":"2025-08-19T05:59:55","guid":{"rendered":"https:\/\/portanova-pr.com\/?page_id=3467"},"modified":"2025-11-17T08:26:15","modified_gmt":"2025-11-17T13:26:15","slug":"cerraduras","status":"publish","type":"page","link":"https:\/\/portanova-pr.com\/index.php\/cerraduras\/","title":{"rendered":"Cerraduras Portanova: Seguridad y Dise\u00f1o en Cada Detalle"},"content":{"rendered":"<div class=\"wpb-content-wrapper\"><p>[vc_row][vc_column][vc_single_image image=&#8221;3602&#8243; img_size=&#8221;850&#215;500&#8243; css=&#8221;.vc_custom_1761761226913{margin-bottom: 30px !important;}&#8221;]\t\t<div class=\"wd-heading  text-left text-left\" >\r\n\t\t\t\r\n      \r\n      <h3 style=\"margin:0;\" >\r\n\t\t\t\t\tCerraduras\t\t\t\t<\/h3>\r\n\r\n        <div style='margin-top: 15px;'><\/div>      \r\n      \r\n      \r\n    \t\t<\/div>\r\n\r\n\t\t[vc_column_text]<b>Cerraduras Portanova: Seguridad y Dise\u00f1o en Cada Detalle<\/b><\/p>\n<p>En Portanova, entendemos que la cerradura perfecta va m\u00e1s all\u00e1 de la funcionalidad; es una declaraci\u00f3n de estilo y una promesa de tranquilidad. Nuestra exclusiva colecci\u00f3n est\u00e1 dise\u00f1ada para complementar la est\u00e9tica de cualquier espacio, ofreciendo soluciones innovadoras que se adaptan a tus necesidades de seguridad y dise\u00f1o.<\/p>\n<hr \/>\n<p><b>CERRADURAS DE INTERIOR<\/b><\/p>\n<p><b>Cerraduras Magn\u00e9ticas para Interiores y Full Panel<\/b> Experimenta la fusi\u00f3n perfecta de dise\u00f1o minimalista y funcionalidad avanzada. Nuestras cerraduras magn\u00e9ticas, ideales para puertas de interior y modelos Full Panel, ofrecen un cierre suave, silencioso y preciso. Su est\u00e9tica vanguardista y perfil liso se integran discretamente, realzando la pulcritud de tus interiores con una elegancia ininterrumpida.<\/p>\n<hr \/>\n<p><b>CERRADURAS DE SEGURIDAD<\/b><\/p>\n<p><b>Cerraduras de Tres Puntos (para Pivotantes, Entradas y Exteriores)<\/b> Para una protecci\u00f3n inquebrantable, elige nuestras cerraduras de tres puntos. Dise\u00f1adas para puertas pivotantes, entradas principales y accesos exteriores, estas cerraduras anclan tu puerta en m\u00faltiples puntos estrat\u00e9gicos, ofreciendo una seguridad superior. Su robusta ingenier\u00eda garantiza durabilidad y una paz mental absoluta, con un dise\u00f1o que complementa la grandiosidad de tus puertas Portanova.[\/vc_column_text][\/vc_column][\/vc_row][vc_row][vc_column][vc_gallery type=&#8221;image_grid&#8221; images=&#8221;3601,3600,3599,3598,3597,3613&#8243; img_size=&#8221;125&#215;125&#8243;][\/vc_column][\/vc_row]<\/p>\n<\/div>","protected":false},"excerpt":{"rendered":"<p>[vc_row][vc_column][vc_single_image image=&#8221;3602&#8243; img_size=&#8221;850&#215;500&#8243; css=&#8221;.vc_custom_1761761226913{margin-bottom: 30px !important;}&#8221;][vc_column_text]Cerraduras Portanova: Seguridad y Dise\u00f1o en Cada Detalle En Portanova, entendemos que la cerradura perfecta va m\u00e1s all\u00e1 de la funcionalidad; es una declaraci\u00f3n de estilo y una promesa de tranquilidad. Nuestra exclusiva colecci\u00f3n est\u00e1 dise\u00f1ada para complementar la est\u00e9tica de cualquier espacio, ofreciendo soluciones innovadoras que se adaptan a [&hellip;]<\/p>\n","protected":false},"author":1,"featured_media":3442,"parent":0,"menu_order":0,"comment_status":"closed","ping_status":"closed","template":"page-template\/left-sidebar.php","meta":{"footnotes":""},"class_list":["post-3467","page","type-page","status-publish","has-post-thumbnail","hentry"],"_links":{"self":[{"href":"https:\/\/portanova-pr.com\/index.php\/wp-json\/wp\/v2\/pages\/3467","targetHints":{"allow":["GET"]}}],"collection":[{"href":"https:\/\/portanova-pr.com\/index.php\/wp-json\/wp\/v2\/pages"}],"about":[{"href":"https:\/\/portanova-pr.com\/index.php\/wp-json\/wp\/v2\/types\/page"}],"author":[{"embeddable":true,"href":"https:\/\/portanova-pr.com\/index.php\/wp-json\/wp\/v2\/users\/1"}],"replies":[{"embeddable":true,"href":"https:\/\/portanova-pr.com\/index.php\/wp-json\/wp\/v2\/comments?post=3467"}],"version-history":[{"count":12,"href":"https:\/\/portanova-pr.com\/index.php\/wp-json\/wp\/v2\/pages\/3467\/revisions"}],"predecessor-version":[{"id":3615,"href":"https:\/\/portanova-pr.com\/index.php\/wp-json\/wp\/v2\/pages\/3467\/revisions\/3615"}],"wp:featuredmedia":[{"embeddable":true,"href":"https:\/\/portanova-pr.com\/index.php\/wp-json\/wp\/v2\/media\/3442"}],"wp:attachment":[{"href":"https:\/\/portanova-pr.com\/index.php\/wp-json\/wp\/v2\/media?parent=3467"}],"curies":[{"name":"wp","href":"https:\/\/api.w.org\/{rel}","templated":true}]}}