{"id":3461,"date":"2025-08-19T00:48:19","date_gmt":"2025-08-19T05:48:19","guid":{"rendered":"https:\/\/portanova-pr.com\/?page_id=3461"},"modified":"2025-10-29T15:49:43","modified_gmt":"2025-10-29T20:49:43","slug":"puerta-de-garaje-y-portones","status":"publish","type":"page","link":"https:\/\/portanova-pr.com\/index.php\/puerta-de-garaje-y-portones\/","title":{"rendered":"Puerta de Garaje y Portones"},"content":{"rendered":"<div class=\"wpb-content-wrapper\"><p>[vc_row][vc_column][vc_single_image image=&#8221;3432&#8243; img_size=&#8221;850&#215;500&#8243; css=&#8221;.vc_custom_1755562588479{margin-bottom: 30px !important;}&#8221;]\t\t<div class=\"wd-heading  text-left text-left\" >\r\n\t\t\t\r\n      \r\n      <h3 style=\"margin:0;\" >\r\n\t\t\t\t\tPuerta de Garaje y Portones\t\t\t\t<\/h3>\r\n\r\n        <div style='margin-top: 15px;'><\/div>      \r\n      \r\n      \r\n    \t\t<\/div>\r\n\r\n\t\t[vc_column_text]Nuestras puertas de GARAJE transforman su hogar y hacen su vida m\u00e1s f\u00e1cil. En Portanova contamos con una amplia selecci\u00f3n de puertas de garaje y portones de aluminio personalizadas que van desde dise\u00f1os en perforado, s\u00f3lidas y dise\u00f1os en planchas de stainless steel.[\/vc_column_text][\/vc_column][\/vc_row][vc_row][vc_column width=&#8221;1\/2&#8243;]\t\t<div class=\"wd-heading  text-left text-left\" >\r\n\t\t\t\r\n      \r\n      <h3 style=\"margin:0;\" >\r\n\t\t\t\t\tAcabados Disponibles:\t\t\t\t<\/h3>\r\n\r\n        <div style='margin-top: 15px;'><\/div>      \r\n      \r\n      \r\n    \t\t<\/div>\r\n\r\n\t\t[vc_column_text]En Portanova, comprendemos que cada hogar es \u00fanico. Por ello, nuestras puertas de garaje y portones de aluminio est\u00e1n disponibles en una extensa gama de acabados para complementar cualquier estilo arquitect\u00f3nico. Desde perforados art\u00edsticos hasta paneles s\u00f3lidos elegantes, ofrecemos opciones personalizadas que reflejan tu gusto y garantizan durabilidad excepcional.[\/vc_column_text][\/vc_column][vc_column width=&#8221;1\/2&#8243; css=&#8221;.vc_custom_1761749291632{padding-top: 30px !important;padding-left: 30px !important;}&#8221;][vc_single_image image=&#8221;3577&#8243; img_size=&#8221;full&#8221;][\/vc_column][\/vc_row][vc_row][vc_column][vc_tta_accordion][vc_tta_section title=&#8221;Caracterizadas por:&#8221; tab_id=&#8221;1463410758631-13de9355-87ee&#8221;][vc_column_text]<\/p>\n<p class=\"p1\">Whatever it is, the way you tell your story online can make all the difference.<\/p>\n<p>[\/vc_column_text][\/vc_tta_section][vc_tta_section title=&#8221;See More&#8221; tab_id=&#8221;1463410804250-3be69663-44ba&#8221;][vc_column_text]See More[\/vc_column_text][\/vc_tta_section][vc_tta_section title=&#8221;Reed More&#8221; tab_id=&#8221;1463410802349-52275769-1e07&#8243;][vc_column_text]Read More[\/vc_column_text][\/vc_tta_section][\/vc_tta_accordion][vc_gallery type=&#8221;image_grid&#8221; images=&#8221;3568,3565,3564,3576&#8243; title=&#8221;Gallery&#8221;][\/vc_column][\/vc_row]<\/p>\n<\/div>","protected":false},"excerpt":{"rendered":"<p>[vc_row][vc_column][vc_single_image image=&#8221;3432&#8243; img_size=&#8221;850&#215;500&#8243; css=&#8221;.vc_custom_1755562588479{margin-bottom: 30px !important;}&#8221;][vc_column_text]Nuestras puertas de GARAJE transforman su hogar y hacen su vida m\u00e1s f\u00e1cil. En Portanova contamos con una amplia selecci\u00f3n de puertas de garaje y portones de aluminio personalizadas que van desde dise\u00f1os en perforado, s\u00f3lidas y dise\u00f1os en planchas de stainless steel.[\/vc_column_text][\/vc_column][\/vc_row][vc_row][vc_column width=&#8221;1\/2&#8243;][vc_column_text]En Portanova, comprendemos que cada hogar es [&hellip;]<\/p>\n","protected":false},"author":1,"featured_media":3442,"parent":0,"menu_order":0,"comment_status":"closed","ping_status":"closed","template":"page-template\/left-sidebar.php","meta":{"footnotes":""},"class_list":["post-3461","page","type-page","status-publish","has-post-thumbnail","hentry"],"_links":{"self":[{"href":"https:\/\/portanova-pr.com\/index.php\/wp-json\/wp\/v2\/pages\/3461","targetHints":{"allow":["GET"]}}],"collection":[{"href":"https:\/\/portanova-pr.com\/index.php\/wp-json\/wp\/v2\/pages"}],"about":[{"href":"https:\/\/portanova-pr.com\/index.php\/wp-json\/wp\/v2\/types\/page"}],"author":[{"embeddable":true,"href":"https:\/\/portanova-pr.com\/index.php\/wp-json\/wp\/v2\/users\/1"}],"replies":[{"embeddable":true,"href":"https:\/\/portanova-pr.com\/index.php\/wp-json\/wp\/v2\/comments?post=3461"}],"version-history":[{"count":6,"href":"https:\/\/portanova-pr.com\/index.php\/wp-json\/wp\/v2\/pages\/3461\/revisions"}],"predecessor-version":[{"id":3584,"href":"https:\/\/portanova-pr.com\/index.php\/wp-json\/wp\/v2\/pages\/3461\/revisions\/3584"}],"wp:featuredmedia":[{"embeddable":true,"href":"https:\/\/portanova-pr.com\/index.php\/wp-json\/wp\/v2\/media\/3442"}],"wp:attachment":[{"href":"https:\/\/portanova-pr.com\/index.php\/wp-json\/wp\/v2\/media?parent=3461"}],"curies":[{"name":"wp","href":"https:\/\/api.w.org\/{rel}","templated":true}]}}