{"id":3453,"date":"2025-08-19T00:32:42","date_gmt":"2025-08-19T05:32:42","guid":{"rendered":"https:\/\/portanova-pr.com\/?page_id=3453"},"modified":"2025-10-29T07:54:50","modified_gmt":"2025-10-29T12:54:50","slug":"pivot-doors","status":"publish","type":"page","link":"https:\/\/portanova-pr.com\/index.php\/pivot-doors\/","title":{"rendered":"Pivot Doors"},"content":{"rendered":"<div class=\"wpb-content-wrapper\"><p>[vc_row][vc_column][vc_single_image image=&#8221;3578&#8243; img_size=&#8221;850&#215;500&#8243; css=&#8221;.vc_custom_1761685959514{margin-bottom: 30px !important;}&#8221;]\t\t<div class=\"wd-heading  text-left text-left\" >\r\n\t\t\t\r\n      \r\n      <h3 style=\"margin:0;\" >\r\n\t\t\t\t\tPivot Doors\t\t\t\t<\/h3>\r\n\r\n        <div style='margin-top: 15px;'><\/div>      \r\n      \r\n      \r\n    \t\t<\/div>\r\n\r\n\t\t[vc_column_text]Las puertas pivotantes de Portanova, con sus l\u00edneas claras, sencillas y espacios abiertos, magnifican la entrada de luz natural en cualquier ambiente. Nuestro dise\u00f1o contempor\u00e1neo y moderno fusiona la funcionalidad con una est\u00e9tica inigualable, elevando el lujo de tu hogar.[\/vc_column_text][\/vc_column][\/vc_row][vc_row][vc_column width=&#8221;1\/2&#8243;][vc_column_text]En Portanova, nuestra pasi\u00f3n es crear piezas que transforman y embellecen. Cada puerta pivotante es un testimonio de alta calidad y vanguardia, pensada para armonizar con la sofisticaci\u00f3n de apartamentos y residencias modernas.[\/vc_column_text][\/vc_column][vc_column width=&#8221;1\/2&#8243; css=&#8221;.vc_custom_1463411390237{padding-left: 30px !important;}&#8221;][vc_single_image image=&#8221;3570&#8243; img_size=&#8221;420&#215;270&#8243;][\/vc_column][\/vc_row][vc_row][vc_column][vc_tta_accordion][vc_tta_section title=&#8221;Caracterizadas por:&#8221; tab_id=&#8221;1463410758631-13de9355-87ee&#8221;][vc_column_text]<\/p>\n<p class=\"p1\">&#8211; Giro sobre su propio eje, ofreciendo una apertura hacia adentro como hacia afuera.<br \/>\n&#8211; Aportan seguridad y durabilidad.<br \/>\n&#8211; Brinda un toque de elegancia a tus espacios.<br \/>\n&#8211; Se adapta a una gran variedad de dise\u00f1os.<\/p>\n<p>[\/vc_column_text][\/vc_tta_section][vc_tta_section title=&#8221;See More&#8221; tab_id=&#8221;1463410804250-3be69663-44ba&#8221;][vc_column_text]See More[\/vc_column_text][\/vc_tta_section][vc_tta_section title=&#8221;Reed More&#8221; tab_id=&#8221;1463410802349-52275769-1e07&#8243;][vc_column_text]Read More[\/vc_column_text][\/vc_tta_section][\/vc_tta_accordion][\/vc_column][\/vc_row][vc_row][vc_column][vc_gallery type=&#8221;image_grid&#8221; images=&#8221;3579,3575,3560,3563,3566,3556&#8243; img_size=&#8221;135&#215;135&#8243; title=&#8221;Gallery&#8221;][\/vc_column][\/vc_row]<\/p>\n<\/div>","protected":false},"excerpt":{"rendered":"<p>[vc_row][vc_column][vc_single_image image=&#8221;3578&#8243; img_size=&#8221;850&#215;500&#8243; css=&#8221;.vc_custom_1761685959514{margin-bottom: 30px !important;}&#8221;][vc_column_text]Las puertas pivotantes de Portanova, con sus l\u00edneas claras, sencillas y espacios abiertos, magnifican la entrada de luz natural en cualquier ambiente. Nuestro dise\u00f1o contempor\u00e1neo y moderno fusiona la funcionalidad con una est\u00e9tica inigualable, elevando el lujo de tu hogar.[\/vc_column_text][\/vc_column][\/vc_row][vc_row][vc_column width=&#8221;1\/2&#8243;][vc_column_text]En Portanova, nuestra pasi\u00f3n es crear piezas que transforman y [&hellip;]<\/p>\n","protected":false},"author":1,"featured_media":3442,"parent":0,"menu_order":0,"comment_status":"closed","ping_status":"closed","template":"page-template\/left-sidebar.php","meta":{"footnotes":""},"class_list":["post-3453","page","type-page","status-publish","has-post-thumbnail","hentry"],"_links":{"self":[{"href":"https:\/\/portanova-pr.com\/index.php\/wp-json\/wp\/v2\/pages\/3453","targetHints":{"allow":["GET"]}}],"collection":[{"href":"https:\/\/portanova-pr.com\/index.php\/wp-json\/wp\/v2\/pages"}],"about":[{"href":"https:\/\/portanova-pr.com\/index.php\/wp-json\/wp\/v2\/types\/page"}],"author":[{"embeddable":true,"href":"https:\/\/portanova-pr.com\/index.php\/wp-json\/wp\/v2\/users\/1"}],"replies":[{"embeddable":true,"href":"https:\/\/portanova-pr.com\/index.php\/wp-json\/wp\/v2\/comments?post=3453"}],"version-history":[{"count":9,"href":"https:\/\/portanova-pr.com\/index.php\/wp-json\/wp\/v2\/pages\/3453\/revisions"}],"predecessor-version":[{"id":3594,"href":"https:\/\/portanova-pr.com\/index.php\/wp-json\/wp\/v2\/pages\/3453\/revisions\/3594"}],"wp:featuredmedia":[{"embeddable":true,"href":"https:\/\/portanova-pr.com\/index.php\/wp-json\/wp\/v2\/media\/3442"}],"wp:attachment":[{"href":"https:\/\/portanova-pr.com\/index.php\/wp-json\/wp\/v2\/media?parent=3453"}],"curies":[{"name":"wp","href":"https:\/\/api.w.org\/{rel}","templated":true}]}}