{"id":3428,"date":"2025-08-18T19:11:23","date_gmt":"2025-08-19T00:11:23","guid":{"rendered":"https:\/\/portanova-pr.com\/?page_id=3428"},"modified":"2025-10-29T15:29:38","modified_gmt":"2025-10-29T20:29:38","slug":"puerta-full-panel","status":"publish","type":"page","link":"https:\/\/portanova-pr.com\/index.php\/puerta-full-panel\/","title":{"rendered":"Puerta Full Panel: Elegancia en cada detalle"},"content":{"rendered":"<div class=\"wpb-content-wrapper\"><p>[vc_row][vc_column][vc_single_image image=&#8221;3432&#8243; img_size=&#8221;850&#215;500&#8243; css=&#8221;.vc_custom_1755562588479{margin-bottom: 30px !important;}&#8221;]\t\t<div class=\"wd-heading  text-left text-left\" >\r\n\t\t\t\r\n      \r\n      <h3 style=\"margin:0;\" >\r\n\t\t\t\t\tPuerta Full Panel: Elegancia en Cada Detalle\t\t\t\t<\/h3>\r\n\r\n        <div style='margin-top: 15px;'><\/div>      \r\n      \r\n      \r\n    \t\t<\/div>\r\n\r\n\t\t[vc_column_text]Nuestras Puertas Full Panel son la nueva tendencia del dise\u00f1o moderno, ofreciendo un aspecto elegante y sin interrupciones que eleva cualquier espacio. Estas puertas presentan una superficie lisa y continua, ideal para quienes buscan una est\u00e9tica minimalista sin comprometer la resistencia y durabilidad.[\/vc_column_text][\/vc_column][\/vc_row][vc_row][vc_column width=&#8221;1\/2&#8243;]\t\t<div class=\"wd-heading  text-left text-left\" >\r\n\t\t\t\r\n      \r\n      <h3 style=\"margin:0;\" >\r\n\t\t\t\t\tAcabados Disponibles:\t\t\t\t<\/h3>\r\n\r\n        <div style='margin-top: 15px;'><\/div>      \r\n      \r\n      \r\n    \t\t<\/div>\r\n\r\n\t\t[vc_column_text]<strong> Textura de Madera<\/strong>: Logra la calidez y el encanto de la madera natural con la durabilidad del aluminio. Este acabado ofrece una apariencia sofisticada similar a la madera, que es tanto atemporal como vers\u00e1til.Textura de Madera: Logra la calidez y el encanto de la madera natural con la durabilidad del aluminio. Este acabado ofrece una apariencia sofisticada similar a la madera, que es tanto atemporal como vers\u00e1til.[\/vc_column_text][\/vc_column][vc_column width=&#8221;1\/2&#8243; css=&#8221;.vc_custom_1463411390237{padding-left: 30px !important;}&#8221;][vc_single_image image=&#8221;3444&#8243; img_size=&#8221;420&#215;270&#8243;][\/vc_column][\/vc_row][vc_row][vc_column width=&#8221;5\/12&#8243;][vc_single_image image=&#8221;3561&#8243; img_size=&#8221;full&#8221;][\/vc_column][vc_column width=&#8221;7\/12&#8243; css=&#8221;.vc_custom_1463411390237{padding-left: 30px !important;}&#8221;][vc_column_text]<strong>Cemento Pulido:<\/strong> Para un aspecto industrial contempor\u00e1neo, nuestro acabado en cemento pulido proporciona un estilo urbano y elegante. Su textura distintiva y su tono neutro ofrecen una base vers\u00e1til para una decoraci\u00f3n moderna, creando una atm\u00f3sfera sofisticada y robusta. Es perfecto para hogares y espacios comerciales que buscan un toque de elegancia cruda y una durabilidad excepcional.[\/vc_column_text][\/vc_column][\/vc_row][vc_row][vc_column width=&#8221;1\/2&#8243;][vc_column_text]<strong>Acabado Mate: <\/strong>Para este acabado contamos con colores s\u00f3lidos que dan un aspecto moderno y minimalista, ideales para quienes prefieren un look sutil y sofisticado. La superficie no reflectante de nuestros acabados mate a\u00f1ade una profundidad visual \u00fanica y un tacto sedoso, creando una sensaci\u00f3n de lujo discreto. Este acabado realza las l\u00edneas limpias de la puerta y complementa una amplia gama de estilos interiores, desde el m\u00e1s contempor\u00e1neo hasta el escandinavo, garantizando una est\u00e9tica atemporal y de bajo mantenimiento.<\/p>\n<hr \/>\n<p>[\/vc_column_text][\/vc_column][vc_column width=&#8221;1\/2&#8243; css=&#8221;.vc_custom_1463411390237{padding-left: 30px !important;}&#8221;][vc_single_image image=&#8221;3554&#8243; img_size=&#8221;full&#8221;][\/vc_column][\/vc_row][vc_row][vc_column][vc_tta_accordion][vc_tta_section title=&#8221;Silver Metallic&#8221; tab_id=&#8221;1463410758631-13de9355-87ee&#8221;][vc_column_text]<\/p>\n<p class=\"p1\">Whatever it is, the way you tell your story online can make all the difference.<\/p>\n<p>[\/vc_column_text][\/vc_tta_section][vc_tta_section title=&#8221;See More&#8221; tab_id=&#8221;1463410804250-3be69663-44ba&#8221;][vc_column_text]See More[\/vc_column_text][\/vc_tta_section][vc_tta_section title=&#8221;Reed More&#8221; tab_id=&#8221;1463410802349-52275769-1e07&#8243;][vc_column_text]Read More[\/vc_column_text][\/vc_tta_section][\/vc_tta_accordion][vc_gallery type=&#8221;image_grid&#8221; images=&#8221;3574,3559,3501,3449,3456,3459,3446,3419,3421&#8243; title=&#8221;Gallery&#8221;][\/vc_column][\/vc_row]<\/p>\n<\/div>","protected":false},"excerpt":{"rendered":"<p>[vc_row][vc_column][vc_single_image image=&#8221;3432&#8243; img_size=&#8221;850&#215;500&#8243; css=&#8221;.vc_custom_1755562588479{margin-bottom: 30px !important;}&#8221;][vc_column_text]Nuestras Puertas Full Panel son la nueva tendencia del dise\u00f1o moderno, ofreciendo un aspecto elegante y sin interrupciones que eleva cualquier espacio. Estas puertas presentan una superficie lisa y continua, ideal para quienes buscan una est\u00e9tica minimalista sin comprometer la resistencia y durabilidad.[\/vc_column_text][\/vc_column][\/vc_row][vc_row][vc_column width=&#8221;1\/2&#8243;][vc_column_text] Textura de Madera: Logra la calidez [&hellip;]<\/p>\n","protected":false},"author":1,"featured_media":3442,"parent":0,"menu_order":0,"comment_status":"closed","ping_status":"closed","template":"page-template\/left-sidebar.php","meta":{"footnotes":""},"class_list":["post-3428","page","type-page","status-publish","has-post-thumbnail","hentry"],"_links":{"self":[{"href":"https:\/\/portanova-pr.com\/index.php\/wp-json\/wp\/v2\/pages\/3428","targetHints":{"allow":["GET"]}}],"collection":[{"href":"https:\/\/portanova-pr.com\/index.php\/wp-json\/wp\/v2\/pages"}],"about":[{"href":"https:\/\/portanova-pr.com\/index.php\/wp-json\/wp\/v2\/types\/page"}],"author":[{"embeddable":true,"href":"https:\/\/portanova-pr.com\/index.php\/wp-json\/wp\/v2\/users\/1"}],"replies":[{"embeddable":true,"href":"https:\/\/portanova-pr.com\/index.php\/wp-json\/wp\/v2\/comments?post=3428"}],"version-history":[{"count":16,"href":"https:\/\/portanova-pr.com\/index.php\/wp-json\/wp\/v2\/pages\/3428\/revisions"}],"predecessor-version":[{"id":3604,"href":"https:\/\/portanova-pr.com\/index.php\/wp-json\/wp\/v2\/pages\/3428\/revisions\/3604"}],"wp:featuredmedia":[{"embeddable":true,"href":"https:\/\/portanova-pr.com\/index.php\/wp-json\/wp\/v2\/media\/3442"}],"wp:attachment":[{"href":"https:\/\/portanova-pr.com\/index.php\/wp-json\/wp\/v2\/media?parent=3428"}],"curies":[{"name":"wp","href":"https:\/\/api.w.org\/{rel}","templated":true}]}}